{"id":1780,"date":"2014-06-26T02:39:31","date_gmt":"2014-06-26T02:39:31","guid":{"rendered":"http:\/\/localhost\/wordpress\/strollik_v2\/home_eshaver\/?page_id=1780"},"modified":"2026-02-24T11:47:57","modified_gmt":"2026-02-24T10:47:57","slug":"about-us","status":"publish","type":"page","link":"https:\/\/www.freevisio.com\/index.php\/about-us\/","title":{"rendered":"A propos de Freevisio"},"content":{"rendered":"<p>[vc_row][vc_column][vc_column_text][\/vc_column_text][\/vc_column][\/vc_row][vc_row][vc_column width=\u00a0\u00bb1\/3&Prime;][vc_column_text]Que vous soyez \u00e0 moto, en scooter, \u00e0 v\u00e9lo ou en quad, la pluie peut soudainement r\u00e9duire votre visibilit\u00e9 et compromettre votre s\u00e9curit\u00e9.<br \/>\nC\u2019est pourquoi Freevisio a cr\u00e9\u00e9 un <strong>essuie-glace pour casque moto<\/strong> adapt\u00e9 \u00e0 tous les casques et lunettes.<\/p>\n<p>\ud83d\udc49 Pour en savoir plus sur les bonnes pratiques de s\u00e9curit\u00e9 \u00e0 moto sous la pluie, consultez le site officiel de la <a href=\"https:\/\/www.securite-routiere.gouv.fr\/chaque-situation-sa-conduite\/conduire-selon-la-meteo\/conduire-par-temps-de-pluie\">S\u00e9curit\u00e9 Routi\u00e8re<\/a>.[\/vc_column_text][\/vc_column][vc_column width=\u00a0\u00bb1\/3&Prime;][vc_single_image image=\u00a0\u00bb7923&Prime; img_size=\u00a0\u00bblarge\u00a0\u00bb alignment=\u00a0\u00bbcenter\u00a0\u00bb alt=\u00a0\u00bbessuie-glace casque moto Freevisio\u00a0\u00bb][\/vc_column][vc_column width=\u00a0\u00bb1\/3&Prime;][vc_column_text]C\u2019est ainsi qu\u2019est n\u00e9e l\u2019id\u00e9e de <strong>Freevisio<\/strong>, en 2005, dans l\u2019esprit de S\u00e9bastien, entrepreneur dans le BTP.<br \/>\nD\u00e8s l\u2019ann\u00e9e suivante, un premier prototype voit le jour. Depuis, cet accessoire innovant est devenu <strong>indispensable pour les motards<\/strong> et cyclistes qui roulent sous la pluie.[\/vc_column_text][\/vc_column][\/vc_row][vc_row][vc_column][vc_separator color=\u00a0\u00bbcustom\u00a0\u00bb accent_color=\u00a0\u00bb#d9bc5e\u00a0\u00bb][vc_column_text]<\/p>\n<h2>Le concept Freevisio \u2013 L\u2019essuie-glace de visi\u00e8re moto pratique et malin<\/h2>\n<p>[\/vc_column_text][\/vc_column][\/vc_row][vc_row][vc_column width=\u00a0\u00bb1\/2&Prime;][vc_single_image image=\u00a0\u00bb7948&Prime; img_size=\u00a0\u00bbfull\u00a0\u00bb alt=\u00a0\u00bbmotard utilisant Freevisio sous la pluie\u00a0\u00bb][\/vc_column][vc_column width=\u00a0\u00bb1\/2&Prime;][vc_column_text]En un simple geste du doigt, essuyez votre casque ou vos lunettes, m\u00eame en pleine route.<br \/>\n<strong>Freevisio<\/strong>, l\u2019<strong>essuie-glace pour casque moto<\/strong>, s\u2019attache \u00e0 votre gant ou doigt pour un nettoyage rapide, efficace et sans interruption.<\/p>\n<p>\ud83d\udc49 Un petit geste qui change tout ![\/vc_column_text][\/vc_column][\/vc_row][vc_row][vc_column][vc_column_text css=\u00a0\u00bb.vc_custom_1746352367698{background-color: #d9bc5e !important;}\u00a0\u00bb]<\/p>\n<h2>Pourquoi choisir Freevisio ?<\/h2>\n<p>[\/vc_column_text][\/vc_column][\/vc_row][vc_row][vc_column][vc_tta_accordion spacing=\u00a0\u00bb2&Prime; gap=\u00a0\u00bb4&Prime; c_align=\u00a0\u00bbcenter\u00a0\u00bb c_icon=\u00a0\u00bb\u00a0\u00bb active_section=\u00a0\u00bb1&Prime;][vc_tta_section title=\u00a0\u00bbS\u00e9curit\u00e9 avant tout\u00a0\u00bb tab_id=\u00a0\u00bb1760540059978-d4b52ff9-af6a\u00a0\u00bb][vc_column_text]Freevisio se glisse facilement dans une poche. Il est discret, l\u00e9ger, mais toujours pr\u00eat \u00e0 <strong>restaurer votre visibilit\u00e9<\/strong> en un instant.[\/vc_column_text][\/vc_tta_section][vc_tta_section title=\u00a0\u00bbDesign \u00e9pur\u00e9\u00a0\u00bb tab_id=\u00a0\u00bb1760540060078-c2e147f3-dea7&Prime;][vc_column_text]Inutile de faire compliqu\u00e9 : Freevisio est une <strong>solution simple \u00e0 un probl\u00e8me universel<\/strong> pour tous les motards.[\/vc_column_text][\/vc_tta_section][vc_tta_section title=\u00a0\u00bbAccessible \u00e0 tous\u00a0\u00bb tab_id=\u00a0\u00bb1760540060164-7af102a1-30e2&Prime;][vc_column_text]Notre objectif : rendre l\u2019innovation accessible \u00e0 tous les conducteurs.<br \/>\nFreevisio est propos\u00e9 \u00e0 un <strong>prix juste<\/strong>, sans compromis sur la qualit\u00e9.[\/vc_column_text][\/vc_tta_section][\/vc_tta_accordion][\/vc_column][\/vc_row][vc_row][vc_column][vc_separator color=\u00a0\u00bbcustom\u00a0\u00bb accent_color=\u00a0\u00bb#d9bc5e\u00a0\u00bb][vc_column_text]<\/p>\n<h2>L\u2019\u00e9quipe Freevisio<\/h2>\n<p>Freevisio, c\u2019est avant tout une aventure familiale, humaine et passionn\u00e9e.[\/vc_column_text][vc_single_image image=\u00a0\u00bb9219&Prime; img_size=\u00a0\u00bbfull\u00a0\u00bb alignment=\u00a0\u00bbcenter\u00a0\u00bb alt=\u00a0\u00bb\u00e9quipe Freevisio essuie-glace moto\u00a0\u00bb][\/vc_column][\/vc_row][vc_row][vc_column width=\u00a0\u00bb1\/2&Prime;][vc_column_text]<\/p>\n<h2>Notre philosophie<\/h2>\n<p>\u201cSoyez libre d\u2019aller de l\u2019avant.\u201d<\/p>\n<p>Appr\u00e9ciez chaque trajet sans vous soucier de la m\u00e9t\u00e9o.<br \/>\nGr\u00e2ce \u00e0 <strong>Freevisio<\/strong>, rouler sous la pluie redevient agr\u00e9able et s\u00e9curis\u00e9.[\/vc_column_text][\/vc_column][vc_column width=\u00a0\u00bb1\/2&Prime;][vc_column_text][\/vc_column_text][vc_column_text]<\/p>\n<p><a href=\"https:\/\/www.freevisio.com\/index.php\/product\/freevisio\/\">D\u00e9couvrez notre produit \u2192 Le Freevisio \u2013 essuie-glace casque moto<\/a><br \/>Commandez d\u00e8s maintenant \u2192 <strong>5,20\u20ac seulement !<\/strong><\/p>\n<p>[\/vc_column_text][\/vc_column][\/vc_row][vc_row][vc_column][vc_column_text][\/vc_column_text][\/vc_column][\/vc_row][vc_row][vc_column][vc_column_text]<!-- \/wp:post-content -->[\/vc_column_text][\/vc_column][\/vc_row]<\/p>\n","protected":false},"excerpt":{"rendered":"<p>[vc_row][vc_column][vc_column_text][\/vc_column_text][\/vc_column][\/vc_row][vc_row][vc_column width=\u00a0\u00bb1\/3&Prime;][vc_column_text]Que vous soyez \u00e0 moto, en scooter, \u00e0 v\u00e9lo ou en quad, la pluie peut soudainement r\u00e9duire votre visibilit\u00e9 et compromettre votre s\u00e9curit\u00e9. C\u2019est pourquoi Freevisio a cr\u00e9\u00e9 un essuie-glace pour casque moto adapt\u00e9 \u00e0 tous les casques et lunettes. \ud83d\udc49 Pour en savoir plus sur les bonnes pratiques de s\u00e9curit\u00e9 \u00e0 moto sous &hellip; <a href=\"https:\/\/www.freevisio.com\/index.php\/about-us\/\" class=\"more-link\">Continuer la lecture <span class=\"screen-reader-text\">A propos de Freevisio<\/span><span class=\"meta-nav\">&rarr;<\/span><\/a><\/p>\n","protected":false},"author":1,"featured_media":0,"parent":0,"menu_order":0,"comment_status":"closed","ping_status":"closed","template":"","meta":{"footnotes":""},"class_list":["post-1780","page","type-page","status-publish","hentry"],"yoast_head":"<!-- This site is optimized with the Yoast SEO plugin v27.3 - https:\/\/yoast.com\/product\/yoast-seo-wordpress\/ -->\n<title>A propos de Freevisio - Freevisio<\/title>\n<meta name=\"description\" content=\"Am\u00e9liorez votre visibilit\u00e9 sous la pluie avec Freevisio, l\u2019essuie-glace pour casque moto pratique et discret. D\u00e9couvrez notre concept !\" \/>\n<meta name=\"robots\" content=\"index, follow, max-snippet:-1, max-image-preview:large, max-video-preview:-1\" \/>\n<link rel=\"canonical\" href=\"https:\/\/www.freevisio.com\/index.php\/about-us\/\" \/>\n<meta property=\"og:locale\" content=\"fr_FR\" \/>\n<meta property=\"og:type\" content=\"article\" \/>\n<meta property=\"og:title\" content=\"A propos de Freevisio - Freevisio\" \/>\n<meta property=\"og:description\" content=\"Am\u00e9liorez votre visibilit\u00e9 sous la pluie avec Freevisio, l\u2019essuie-glace pour casque moto pratique et discret. D\u00e9couvrez notre concept !\" \/>\n<meta property=\"og:url\" content=\"https:\/\/www.freevisio.com\/index.php\/about-us\/\" \/>\n<meta property=\"og:site_name\" content=\"Freevisio\" \/>\n<meta property=\"article:modified_time\" content=\"2026-02-24T10:47:57+00:00\" \/>\n<meta name=\"twitter:card\" content=\"summary_large_image\" \/>\n<meta name=\"twitter:label1\" content=\"Dur\u00e9e de lecture estim\u00e9e\" \/>\n\t<meta name=\"twitter:data1\" content=\"2 minutes\" \/>\n<script type=\"application\/ld+json\" class=\"yoast-schema-graph\">{\"@context\":\"https:\\\/\\\/schema.org\",\"@graph\":[{\"@type\":\"WebPage\",\"@id\":\"https:\\\/\\\/www.freevisio.com\\\/index.php\\\/about-us\\\/\",\"url\":\"https:\\\/\\\/www.freevisio.com\\\/index.php\\\/about-us\\\/\",\"name\":\"A propos de Freevisio - Freevisio\",\"isPartOf\":{\"@id\":\"https:\\\/\\\/www.freevisio.com\\\/#website\"},\"datePublished\":\"2014-06-26T02:39:31+00:00\",\"dateModified\":\"2026-02-24T10:47:57+00:00\",\"description\":\"Am\u00e9liorez votre visibilit\u00e9 sous la pluie avec Freevisio, l\u2019essuie-glace pour casque moto pratique et discret. D\u00e9couvrez notre concept !\",\"breadcrumb\":{\"@id\":\"https:\\\/\\\/www.freevisio.com\\\/index.php\\\/about-us\\\/#breadcrumb\"},\"inLanguage\":\"fr-FR\",\"potentialAction\":[{\"@type\":\"ReadAction\",\"target\":[\"https:\\\/\\\/www.freevisio.com\\\/index.php\\\/about-us\\\/\"]}]},{\"@type\":\"BreadcrumbList\",\"@id\":\"https:\\\/\\\/www.freevisio.com\\\/index.php\\\/about-us\\\/#breadcrumb\",\"itemListElement\":[{\"@type\":\"ListItem\",\"position\":1,\"name\":\"Accueil\",\"item\":\"https:\\\/\\\/www.freevisio.com\\\/\"},{\"@type\":\"ListItem\",\"position\":2,\"name\":\"A propos de Freevisio\"}]},{\"@type\":\"WebSite\",\"@id\":\"https:\\\/\\\/www.freevisio.com\\\/#website\",\"url\":\"https:\\\/\\\/www.freevisio.com\\\/\",\"name\":\"Freevisio\",\"description\":\"\",\"publisher\":{\"@id\":\"https:\\\/\\\/www.freevisio.com\\\/#organization\"},\"potentialAction\":[{\"@type\":\"SearchAction\",\"target\":{\"@type\":\"EntryPoint\",\"urlTemplate\":\"https:\\\/\\\/www.freevisio.com\\\/?s={search_term_string}\"},\"query-input\":{\"@type\":\"PropertyValueSpecification\",\"valueRequired\":true,\"valueName\":\"search_term_string\"}}],\"inLanguage\":\"fr-FR\"},{\"@type\":\"Organization\",\"@id\":\"https:\\\/\\\/www.freevisio.com\\\/#organization\",\"name\":\"Freevisio\",\"url\":\"https:\\\/\\\/www.freevisio.com\\\/\",\"logo\":{\"@type\":\"ImageObject\",\"inLanguage\":\"fr-FR\",\"@id\":\"https:\\\/\\\/www.freevisio.com\\\/#\\\/schema\\\/logo\\\/image\\\/\",\"url\":\"https:\\\/\\\/www.freevisio.com\\\/wp-content\\\/uploads\\\/2018\\\/09\\\/FVpetitlogo2-e1537113081419.png\",\"contentUrl\":\"https:\\\/\\\/www.freevisio.com\\\/wp-content\\\/uploads\\\/2018\\\/09\\\/FVpetitlogo2-e1537113081419.png\",\"width\":50,\"height\":79,\"caption\":\"Freevisio\"},\"image\":{\"@id\":\"https:\\\/\\\/www.freevisio.com\\\/#\\\/schema\\\/logo\\\/image\\\/\"},\"sameAs\":[\"https:\\\/\\\/www.instagram.com\\\/freevisio_insta\\\/\"]}]}<\/script>\n<!-- \/ Yoast SEO plugin. -->","yoast_head_json":{"title":"A propos de Freevisio - Freevisio","description":"Am\u00e9liorez votre visibilit\u00e9 sous la pluie avec Freevisio, l\u2019essuie-glace pour casque moto pratique et discret. D\u00e9couvrez notre concept !","robots":{"index":"index","follow":"follow","max-snippet":"max-snippet:-1","max-image-preview":"max-image-preview:large","max-video-preview":"max-video-preview:-1"},"canonical":"https:\/\/www.freevisio.com\/index.php\/about-us\/","og_locale":"fr_FR","og_type":"article","og_title":"A propos de Freevisio - Freevisio","og_description":"Am\u00e9liorez votre visibilit\u00e9 sous la pluie avec Freevisio, l\u2019essuie-glace pour casque moto pratique et discret. D\u00e9couvrez notre concept !","og_url":"https:\/\/www.freevisio.com\/index.php\/about-us\/","og_site_name":"Freevisio","article_modified_time":"2026-02-24T10:47:57+00:00","twitter_card":"summary_large_image","twitter_misc":{"Dur\u00e9e de lecture estim\u00e9e":"2 minutes"},"schema":{"@context":"https:\/\/schema.org","@graph":[{"@type":"WebPage","@id":"https:\/\/www.freevisio.com\/index.php\/about-us\/","url":"https:\/\/www.freevisio.com\/index.php\/about-us\/","name":"A propos de Freevisio - Freevisio","isPartOf":{"@id":"https:\/\/www.freevisio.com\/#website"},"datePublished":"2014-06-26T02:39:31+00:00","dateModified":"2026-02-24T10:47:57+00:00","description":"Am\u00e9liorez votre visibilit\u00e9 sous la pluie avec Freevisio, l\u2019essuie-glace pour casque moto pratique et discret. D\u00e9couvrez notre concept !","breadcrumb":{"@id":"https:\/\/www.freevisio.com\/index.php\/about-us\/#breadcrumb"},"inLanguage":"fr-FR","potentialAction":[{"@type":"ReadAction","target":["https:\/\/www.freevisio.com\/index.php\/about-us\/"]}]},{"@type":"BreadcrumbList","@id":"https:\/\/www.freevisio.com\/index.php\/about-us\/#breadcrumb","itemListElement":[{"@type":"ListItem","position":1,"name":"Accueil","item":"https:\/\/www.freevisio.com\/"},{"@type":"ListItem","position":2,"name":"A propos de Freevisio"}]},{"@type":"WebSite","@id":"https:\/\/www.freevisio.com\/#website","url":"https:\/\/www.freevisio.com\/","name":"Freevisio","description":"","publisher":{"@id":"https:\/\/www.freevisio.com\/#organization"},"potentialAction":[{"@type":"SearchAction","target":{"@type":"EntryPoint","urlTemplate":"https:\/\/www.freevisio.com\/?s={search_term_string}"},"query-input":{"@type":"PropertyValueSpecification","valueRequired":true,"valueName":"search_term_string"}}],"inLanguage":"fr-FR"},{"@type":"Organization","@id":"https:\/\/www.freevisio.com\/#organization","name":"Freevisio","url":"https:\/\/www.freevisio.com\/","logo":{"@type":"ImageObject","inLanguage":"fr-FR","@id":"https:\/\/www.freevisio.com\/#\/schema\/logo\/image\/","url":"https:\/\/www.freevisio.com\/wp-content\/uploads\/2018\/09\/FVpetitlogo2-e1537113081419.png","contentUrl":"https:\/\/www.freevisio.com\/wp-content\/uploads\/2018\/09\/FVpetitlogo2-e1537113081419.png","width":50,"height":79,"caption":"Freevisio"},"image":{"@id":"https:\/\/www.freevisio.com\/#\/schema\/logo\/image\/"},"sameAs":["https:\/\/www.instagram.com\/freevisio_insta\/"]}]}},"_links":{"self":[{"href":"https:\/\/www.freevisio.com\/index.php\/wp-json\/wp\/v2\/pages\/1780","targetHints":{"allow":["GET"]}}],"collection":[{"href":"https:\/\/www.freevisio.com\/index.php\/wp-json\/wp\/v2\/pages"}],"about":[{"href":"https:\/\/www.freevisio.com\/index.php\/wp-json\/wp\/v2\/types\/page"}],"author":[{"embeddable":true,"href":"https:\/\/www.freevisio.com\/index.php\/wp-json\/wp\/v2\/users\/1"}],"replies":[{"embeddable":true,"href":"https:\/\/www.freevisio.com\/index.php\/wp-json\/wp\/v2\/comments?post=1780"}],"version-history":[{"count":58,"href":"https:\/\/www.freevisio.com\/index.php\/wp-json\/wp\/v2\/pages\/1780\/revisions"}],"predecessor-version":[{"id":9383,"href":"https:\/\/www.freevisio.com\/index.php\/wp-json\/wp\/v2\/pages\/1780\/revisions\/9383"}],"wp:attachment":[{"href":"https:\/\/www.freevisio.com\/index.php\/wp-json\/wp\/v2\/media?parent=1780"}],"curies":[{"name":"wp","href":"https:\/\/api.w.org\/{rel}","templated":true}]}}