{"id":55,"date":"2014-03-19T07:39:03","date_gmt":"2014-03-19T07:39:03","guid":{"rendered":"http:\/\/localhost\/wordpress\/strollik_v2\/home_eshaver\/?page_id=55"},"modified":"2026-01-31T12:02:28","modified_gmt":"2026-01-31T11:02:28","slug":"my-account","status":"publish","type":"page","link":"https:\/\/www.freevisio.com\/index.php\/my-account\/","title":{"rendered":"Mon espace client"},"content":{"rendered":"<p>[vc_row][vc_column][vc_separator][\/vc_column][vc_column][vc_column_text]<\/p>\n<p style=\"text-align: center;\">Bienvenue sur votre <strong data-start=\"864\" data-end=\"890\">Mon compte Freevisio<\/strong>, l\u2019espace client qui vous permet de g\u00e9rer vos commandes, vos informations personnelles et la s\u00e9curit\u00e9 de votre compte en toute simplicit\u00e9.<\/p>\n<p>[\/vc_column_text][vc_separator color=\u00a0\u00bbblue\u00a0\u00bb][\/vc_column][\/vc_row]<div class=\"woocommerce\"><\/div>[vc_row][vc_column][vc_separator color=\u00a0\u00bbblue\u00a0\u00bb][vc_column_text]<\/p>\n<article class=\"text-token-text-primary w-full focus:outline-none [--shadow-height:45px] has-data-writing-block:pointer-events-none has-data-writing-block:-mt-(--shadow-height) has-data-writing-block:pt-(--shadow-height) [&amp;:has([data-writing-block])&gt;*]:pointer-events-auto [content-visibility:auto] supports-[content-visibility:auto]:[contain-intrinsic-size:auto_100lvh] scroll-mt-[calc(var(--header-height)+min(200px,max(70px,20svh)))]\" dir=\"auto\" tabindex=\"-1\" data-turn-id=\"8348f941-520e-4261-873c-cc1099bd2952\" data-testid=\"conversation-turn-2\" data-scroll-anchor=\"true\" data-turn=\"assistant\">\n<div class=\"text-base my-auto mx-auto pb-10 [--thread-content-margin:--spacing(4)] thread-sm:[--thread-content-margin:--spacing(6)] thread-lg:[--thread-content-margin:--spacing(16)] px-(--thread-content-margin)\">\n<div class=\"[--thread-content-max-width:40rem] thread-lg:[--thread-content-max-width:48rem] mx-auto max-w-(--thread-content-max-width) flex-1 group\/turn-messages focus-visible:outline-hidden relative flex w-full min-w-0 flex-col agent-turn\" tabindex=\"-1\">\n<div class=\"flex max-w-full flex-col grow\">\n<div class=\"min-h-8 text-message relative flex w-full flex-col items-end gap-2 text-start break-words whitespace-normal [.text-message+&amp;]:mt-1\" dir=\"auto\" data-message-author-role=\"assistant\" data-message-id=\"a33a9370-47a6-42f0-bd37-64df0ada37e0\" data-message-model-slug=\"gpt-5\">\n<div class=\"flex w-full flex-col gap-1 empty:hidden first:pt-[1px]\">\n<div class=\"markdown prose dark:prose-invert w-full break-words light markdown-new-styling\">\n<blockquote data-start=\"814\" data-end=\"1225\">\n<p style=\"text-align: left;\" data-start=\"816\" data-end=\"884\">\ud83d\udca1 Besoin d\u2019aide ou d\u2019informations suppl\u00e9mentaires ?<br data-start=\"868\" data-end=\"871\" \/>Consultez :<\/p>\n<ul data-start=\"887\" data-end=\"1225\">\n<li data-start=\"954\" data-end=\"1031\">\n<p data-start=\"956\" data-end=\"1031\"><a class=\"decorated-link cursor-pointer\" href=\"https:\/\/www.freevisio.com\/index.php\/politique-de-confidentialite\/\" target=\"_new\" rel=\"noopener\" data-start=\"956\" data-end=\"1029\">Notre mentions l\u00e9gales<\/a><\/p>\n<\/li>\n<li data-start=\"1034\" data-end=\"1150\">\n<p data-start=\"1036\" data-end=\"1150\"><a class=\"decorated-link cursor-pointer\" href=\"https:\/\/cyber.gouv.fr\/publications\/recommandations-relatives-lauthentification-multifacteur-et-aux-mots-de-passe\" target=\"_new\" rel=\"noopener\" data-start=\"1036\" data-end=\"1148\">Les conseils officiels sur la s\u00e9curit\u00e9 des mots de passe (ANSSI)<\/a><\/p>\n<\/li>\n<li data-start=\"1153\" data-end=\"1225\">\n<p data-start=\"1155\" data-end=\"1225\"><a class=\"decorated-link\" href=\"https:\/\/www.economie.gouv.fr\/dgccrf\" target=\"_new\" rel=\"noopener\" data-start=\"1155\" data-end=\"1225\">Le site du service consommateur<\/a><\/p>\n<\/li>\n<\/ul>\n<\/blockquote>\n<\/div>\n<\/div>\n<\/div>\n<\/div>\n<\/div>\n<\/div>\n<\/article>\n<p>[\/vc_column_text][\/vc_column][\/vc_row]<\/p>\n","protected":false},"excerpt":{"rendered":"<p>[vc_row][vc_column][vc_separator][\/vc_column][vc_column][vc_column_text] Bienvenue sur votre Mon compte Freevisio, l\u2019espace client qui vous permet de g\u00e9rer vos commandes, vos informations personnelles et la s\u00e9curit\u00e9 de votre compte en toute simplicit\u00e9. [\/vc_column_text][vc_separator color=\u00a0\u00bbblue\u00a0\u00bb][\/vc_column][\/vc_row][vc_row][vc_column][vc_separator color=\u00a0\u00bbblue\u00a0\u00bb][vc_column_text] \ud83d\udca1 Besoin d\u2019aide ou d\u2019informations suppl\u00e9mentaires ?Consultez : Notre mentions l\u00e9gales Les conseils officiels sur la s\u00e9curit\u00e9 des mots de passe (ANSSI) Le site &hellip; <a href=\"https:\/\/www.freevisio.com\/index.php\/my-account\/\" class=\"more-link\">Continuer la lecture <span class=\"screen-reader-text\">Mon espace client<\/span><span class=\"meta-nav\">&rarr;<\/span><\/a><\/p>\n","protected":false},"author":1,"featured_media":0,"parent":0,"menu_order":0,"comment_status":"closed","ping_status":"open","template":"","meta":{"footnotes":""},"class_list":["post-55","page","type-page","status-publish","hentry"],"yoast_head":"<!-- This site is optimized with the Yoast SEO plugin v27.3 - https:\/\/yoast.com\/product\/yoast-seo-wordpress\/ -->\n<title>Mon espace client - Freevisio<\/title>\n<meta name=\"description\" content=\"Acc\u00e9dez \u00e0 votre espace client Freevisio pour suivre vos commandes, g\u00e9rer vos informations et consulter votre historique d\u2019achats en toute s\u00e9curit\u00e9.\" \/>\n<meta name=\"robots\" content=\"index, follow, max-snippet:-1, max-image-preview:large, max-video-preview:-1\" \/>\n<link rel=\"canonical\" href=\"https:\/\/www.freevisio.com\/index.php\/my-account\/\" \/>\n<meta property=\"og:locale\" content=\"fr_FR\" \/>\n<meta property=\"og:type\" content=\"article\" \/>\n<meta property=\"og:title\" content=\"Mon espace client - Freevisio\" \/>\n<meta property=\"og:description\" content=\"Acc\u00e9dez \u00e0 votre espace client Freevisio pour suivre vos commandes, g\u00e9rer vos informations et consulter votre historique d\u2019achats en toute s\u00e9curit\u00e9.\" \/>\n<meta property=\"og:url\" content=\"https:\/\/www.freevisio.com\/index.php\/my-account\/\" \/>\n<meta property=\"og:site_name\" content=\"Freevisio\" \/>\n<meta property=\"article:modified_time\" content=\"2026-01-31T11:02:28+00:00\" \/>\n<meta name=\"twitter:card\" content=\"summary_large_image\" \/>\n<meta name=\"twitter:label1\" content=\"Dur\u00e9e de lecture estim\u00e9e\" \/>\n\t<meta name=\"twitter:data1\" content=\"1 minute\" \/>\n<script type=\"application\/ld+json\" class=\"yoast-schema-graph\">{\"@context\":\"https:\\\/\\\/schema.org\",\"@graph\":[{\"@type\":\"WebPage\",\"@id\":\"https:\\\/\\\/www.freevisio.com\\\/index.php\\\/my-account\\\/\",\"url\":\"https:\\\/\\\/www.freevisio.com\\\/index.php\\\/my-account\\\/\",\"name\":\"Mon espace client - Freevisio\",\"isPartOf\":{\"@id\":\"https:\\\/\\\/www.freevisio.com\\\/#website\"},\"datePublished\":\"2014-03-19T07:39:03+00:00\",\"dateModified\":\"2026-01-31T11:02:28+00:00\",\"description\":\"Acc\u00e9dez \u00e0 votre espace client Freevisio pour suivre vos commandes, g\u00e9rer vos informations et consulter votre historique d\u2019achats en toute s\u00e9curit\u00e9.\",\"breadcrumb\":{\"@id\":\"https:\\\/\\\/www.freevisio.com\\\/index.php\\\/my-account\\\/#breadcrumb\"},\"inLanguage\":\"fr-FR\",\"potentialAction\":[{\"@type\":\"ReadAction\",\"target\":[\"https:\\\/\\\/www.freevisio.com\\\/index.php\\\/my-account\\\/\"]}]},{\"@type\":\"BreadcrumbList\",\"@id\":\"https:\\\/\\\/www.freevisio.com\\\/index.php\\\/my-account\\\/#breadcrumb\",\"itemListElement\":[{\"@type\":\"ListItem\",\"position\":1,\"name\":\"Accueil\",\"item\":\"https:\\\/\\\/www.freevisio.com\\\/\"},{\"@type\":\"ListItem\",\"position\":2,\"name\":\"Mon espace client\"}]},{\"@type\":\"WebSite\",\"@id\":\"https:\\\/\\\/www.freevisio.com\\\/#website\",\"url\":\"https:\\\/\\\/www.freevisio.com\\\/\",\"name\":\"Freevisio\",\"description\":\"\",\"publisher\":{\"@id\":\"https:\\\/\\\/www.freevisio.com\\\/#organization\"},\"potentialAction\":[{\"@type\":\"SearchAction\",\"target\":{\"@type\":\"EntryPoint\",\"urlTemplate\":\"https:\\\/\\\/www.freevisio.com\\\/?s={search_term_string}\"},\"query-input\":{\"@type\":\"PropertyValueSpecification\",\"valueRequired\":true,\"valueName\":\"search_term_string\"}}],\"inLanguage\":\"fr-FR\"},{\"@type\":\"Organization\",\"@id\":\"https:\\\/\\\/www.freevisio.com\\\/#organization\",\"name\":\"Freevisio\",\"url\":\"https:\\\/\\\/www.freevisio.com\\\/\",\"logo\":{\"@type\":\"ImageObject\",\"inLanguage\":\"fr-FR\",\"@id\":\"https:\\\/\\\/www.freevisio.com\\\/#\\\/schema\\\/logo\\\/image\\\/\",\"url\":\"https:\\\/\\\/www.freevisio.com\\\/wp-content\\\/uploads\\\/2018\\\/09\\\/FVpetitlogo2-e1537113081419.png\",\"contentUrl\":\"https:\\\/\\\/www.freevisio.com\\\/wp-content\\\/uploads\\\/2018\\\/09\\\/FVpetitlogo2-e1537113081419.png\",\"width\":50,\"height\":79,\"caption\":\"Freevisio\"},\"image\":{\"@id\":\"https:\\\/\\\/www.freevisio.com\\\/#\\\/schema\\\/logo\\\/image\\\/\"},\"sameAs\":[\"https:\\\/\\\/www.instagram.com\\\/freevisio_insta\\\/\"]}]}<\/script>\n<!-- \/ Yoast SEO plugin. -->","yoast_head_json":{"title":"Mon espace client - Freevisio","description":"Acc\u00e9dez \u00e0 votre espace client Freevisio pour suivre vos commandes, g\u00e9rer vos informations et consulter votre historique d\u2019achats en toute s\u00e9curit\u00e9.","robots":{"index":"index","follow":"follow","max-snippet":"max-snippet:-1","max-image-preview":"max-image-preview:large","max-video-preview":"max-video-preview:-1"},"canonical":"https:\/\/www.freevisio.com\/index.php\/my-account\/","og_locale":"fr_FR","og_type":"article","og_title":"Mon espace client - Freevisio","og_description":"Acc\u00e9dez \u00e0 votre espace client Freevisio pour suivre vos commandes, g\u00e9rer vos informations et consulter votre historique d\u2019achats en toute s\u00e9curit\u00e9.","og_url":"https:\/\/www.freevisio.com\/index.php\/my-account\/","og_site_name":"Freevisio","article_modified_time":"2026-01-31T11:02:28+00:00","twitter_card":"summary_large_image","twitter_misc":{"Dur\u00e9e de lecture estim\u00e9e":"1 minute"},"schema":{"@context":"https:\/\/schema.org","@graph":[{"@type":"WebPage","@id":"https:\/\/www.freevisio.com\/index.php\/my-account\/","url":"https:\/\/www.freevisio.com\/index.php\/my-account\/","name":"Mon espace client - Freevisio","isPartOf":{"@id":"https:\/\/www.freevisio.com\/#website"},"datePublished":"2014-03-19T07:39:03+00:00","dateModified":"2026-01-31T11:02:28+00:00","description":"Acc\u00e9dez \u00e0 votre espace client Freevisio pour suivre vos commandes, g\u00e9rer vos informations et consulter votre historique d\u2019achats en toute s\u00e9curit\u00e9.","breadcrumb":{"@id":"https:\/\/www.freevisio.com\/index.php\/my-account\/#breadcrumb"},"inLanguage":"fr-FR","potentialAction":[{"@type":"ReadAction","target":["https:\/\/www.freevisio.com\/index.php\/my-account\/"]}]},{"@type":"BreadcrumbList","@id":"https:\/\/www.freevisio.com\/index.php\/my-account\/#breadcrumb","itemListElement":[{"@type":"ListItem","position":1,"name":"Accueil","item":"https:\/\/www.freevisio.com\/"},{"@type":"ListItem","position":2,"name":"Mon espace client"}]},{"@type":"WebSite","@id":"https:\/\/www.freevisio.com\/#website","url":"https:\/\/www.freevisio.com\/","name":"Freevisio","description":"","publisher":{"@id":"https:\/\/www.freevisio.com\/#organization"},"potentialAction":[{"@type":"SearchAction","target":{"@type":"EntryPoint","urlTemplate":"https:\/\/www.freevisio.com\/?s={search_term_string}"},"query-input":{"@type":"PropertyValueSpecification","valueRequired":true,"valueName":"search_term_string"}}],"inLanguage":"fr-FR"},{"@type":"Organization","@id":"https:\/\/www.freevisio.com\/#organization","name":"Freevisio","url":"https:\/\/www.freevisio.com\/","logo":{"@type":"ImageObject","inLanguage":"fr-FR","@id":"https:\/\/www.freevisio.com\/#\/schema\/logo\/image\/","url":"https:\/\/www.freevisio.com\/wp-content\/uploads\/2018\/09\/FVpetitlogo2-e1537113081419.png","contentUrl":"https:\/\/www.freevisio.com\/wp-content\/uploads\/2018\/09\/FVpetitlogo2-e1537113081419.png","width":50,"height":79,"caption":"Freevisio"},"image":{"@id":"https:\/\/www.freevisio.com\/#\/schema\/logo\/image\/"},"sameAs":["https:\/\/www.instagram.com\/freevisio_insta\/"]}]}},"_links":{"self":[{"href":"https:\/\/www.freevisio.com\/index.php\/wp-json\/wp\/v2\/pages\/55","targetHints":{"allow":["GET"]}}],"collection":[{"href":"https:\/\/www.freevisio.com\/index.php\/wp-json\/wp\/v2\/pages"}],"about":[{"href":"https:\/\/www.freevisio.com\/index.php\/wp-json\/wp\/v2\/types\/page"}],"author":[{"embeddable":true,"href":"https:\/\/www.freevisio.com\/index.php\/wp-json\/wp\/v2\/users\/1"}],"replies":[{"embeddable":true,"href":"https:\/\/www.freevisio.com\/index.php\/wp-json\/wp\/v2\/comments?post=55"}],"version-history":[{"count":4,"href":"https:\/\/www.freevisio.com\/index.php\/wp-json\/wp\/v2\/pages\/55\/revisions"}],"predecessor-version":[{"id":9363,"href":"https:\/\/www.freevisio.com\/index.php\/wp-json\/wp\/v2\/pages\/55\/revisions\/9363"}],"wp:attachment":[{"href":"https:\/\/www.freevisio.com\/index.php\/wp-json\/wp\/v2\/media?parent=55"}],"curies":[{"name":"wp","href":"https:\/\/api.w.org\/{rel}","templated":true}]}}