{"id":7282,"date":"2017-05-09T02:28:53","date_gmt":"2017-05-09T02:28:53","guid":{"rendered":"http:\/\/localhost\/wordpress\/strollik_v2\/home_eshaver\/?page_id=7282"},"modified":"2026-02-22T05:49:19","modified_gmt":"2026-02-22T04:49:19","slug":"home-eshaver","status":"publish","type":"page","link":"https:\/\/www.freevisio.com\/","title":{"rendered":"Freevisio"},"content":{"rendered":"<p>[vc_row full_width=\u00a0\u00bbstretch_row_content\u00a0\u00bb isfullwidth=\u00a0\u00bb0&Prime;][vc_column]<link href=\"https:\/\/fonts.googleapis.com\/css?family=Roboto:500\" rel=\"stylesheet\" property=\"stylesheet\" type=\"text\/css\" media=\"all\">\n<div id=\"rev_slider_3_1_wrapper\" class=\"rev_slider_wrapper fullwidthbanner-container\" data-source=\"gallery\" style=\"margin:0px auto;background:transparent;padding:0px;margin-top:0px;margin-bottom:0px;\">\n<!-- START REVOLUTION SLIDER 5.4.8 fullwidth mode -->\n\t<div id=\"rev_slider_3_1\" class=\"rev_slider fullwidthabanner\" style=\"display:none;\" data-version=\"5.4.8\">\n<ul>\t<!-- SLIDE  -->\n\t<li data-index=\"rs-4\" data-transition=\"fade\" data-slotamount=\"default\" data-hideafterloop=\"0\" data-hideslideonmobile=\"off\"  data-easein=\"default\" data-easeout=\"default\" data-masterspeed=\"300\"  data-rotate=\"0\"  data-saveperformance=\"off\"  data-title=\"Slide\" data-param1=\"\" data-param2=\"\" data-param3=\"\" data-param4=\"\" data-param5=\"\" data-param6=\"\" data-param7=\"\" data-param8=\"\" data-param9=\"\" data-param10=\"\" data-description=\"\">\n\t\t<!-- MAIN IMAGE -->\n\t\t<img loading=\"lazy\" decoding=\"async\" src=\"https:\/\/www.freevisio.com\/wp-content\/uploads\/2025\/04\/1.png\"  alt=\"\" title=\"1\"  width=\"6000\" height=\"4000\" data-bgposition=\"center center\" data-bgfit=\"cover\" data-bgrepeat=\"no-repeat\" class=\"rev-slidebg\" data-no-retina>\n\t\t<!-- LAYERS -->\n\n\t\t<!-- LAYER NR. 1 -->\n\t\t<div class=\"tp-caption rev-btn \" \n\t\t\t id=\"slide-4-layer-1\" \n\t\t\t data-x=\"center\" data-hoffset=\"\" \n\t\t\t data-y=\"center\" data-voffset=\"\" \n\t\t\t\t\t\tdata-width=\"['543']\"\n\t\t\tdata-height=\"['auto']\"\n \n\t\t\tdata-type=\"button\" \n\t\t\tdata-actions='[{\"event\":\"click\",\"action\":\"simplelink\",\"target\":\"_self\",\"url\":\"https:\\\/\\\/www.freevisio.com\\\/index.php\\\/product\\\/freevisio\\\/\",\"delay\":\"\"}]'\n\t\t\tdata-responsive_offset=\"on\" \n\t\t\tdata-responsive=\"off\"\n\t\t\tdata-frames='[{\"delay\":0,\"speed\":300,\"frame\":\"0\",\"from\":\"opacity:0;\",\"to\":\"o:1;\",\"ease\":\"Power3.easeInOut\"},{\"delay\":\"wait\",\"speed\":300,\"frame\":\"999\",\"to\":\"opacity:0;\",\"ease\":\"Power3.easeInOut\"},{\"frame\":\"hover\",\"speed\":\"0\",\"ease\":\"Linear.easeNone\",\"to\":\"o:1;rX:0;rY:0;rZ:0;z:0;\",\"style\":\"c:rgb(0,0,0);bg:rgb(217,188,94);bc:rgb(0,0,0);bs:solid;bw:0 0 0 0;\"}]'\n\t\t\tdata-textAlign=\"['inherit','inherit','inherit','inherit']\"\n\t\t\tdata-paddingtop=\"[12,12,12,12]\"\n\t\t\tdata-paddingright=\"[35,35,35,35]\"\n\t\t\tdata-paddingbottom=\"[12,12,12,12]\"\n\t\t\tdata-paddingleft=\"[35,35,35,35]\"\n\n\t\t\tstyle=\"z-index: 5; min-width: 543px; max-width: 543px; white-space: nowrap; font-size: 25px; line-height: 17px; font-weight: 500; color: #ffffff; letter-spacing: px;font-family:Roboto;text-transform:uppercase;background-color:rgba(32,57,191,0.75);border-color:rgba(0,0,0,1);border-width:1px 1px 1px 1px;outline:none;box-shadow:none;box-sizing:border-box;-moz-box-sizing:border-box;-webkit-box-sizing:border-box;cursor:pointer;\">5,20\u20ac - \nCommandez d\u00e8s maintenant ! <\/div>\n\t<\/li>\n<\/ul>\n<div class=\"tp-bannertimer tp-bottom\" style=\"visibility: hidden !important;\"><\/div>\t<\/div>\n<script>var htmlDiv = document.getElementById(\"rs-plugin-settings-inline-css\"); var htmlDivCss=\"\";\r\n\t\t\t\tif(htmlDiv) {\r\n\t\t\t\t\thtmlDiv.innerHTML = htmlDiv.innerHTML + htmlDivCss;\r\n\t\t\t\t}else{\r\n\t\t\t\t\tvar htmlDiv = document.createElement(\"div\");\r\n\t\t\t\t\thtmlDiv.innerHTML = \"<style>\" + htmlDivCss + \"<\/style>\";\r\n\t\t\t\t\tdocument.getElementsByTagName(\"head\")[0].appendChild(htmlDiv.childNodes[0]);\r\n\t\t\t\t}\r\n\t\t\t<\/script>\n\t\t<script type=\"text\/javascript\">\r\nif (setREVStartSize!==undefined) setREVStartSize(\r\n\t{c: '#rev_slider_3_1', gridwidth: [1240], gridheight: [868], sliderLayout: 'auto'});\r\n\t\t\t\r\nvar revapi3,\r\n\ttpj;\t\r\n(function() {\t\t\t\r\n\tif (!\/loaded|interactive|complete\/.test(document.readyState)) document.addEventListener(\"DOMContentLoaded\",onLoad); else onLoad();\t\r\n\tfunction onLoad() {\t\t\t\t\r\n\t\tif (tpj===undefined) { tpj = jQuery; if(\"off\" == \"on\") tpj.noConflict();}\r\n\tif(tpj(\"#rev_slider_3_1\").revolution == undefined){\n\t\trevslider_showDoubleJqueryError(\"#rev_slider_3_1\");\n\t}else{\n\t\trevapi3 = tpj(\"#rev_slider_3_1\").show().revolution({\n\t\t\tsliderType:\"hero\",\n\t\t\tjsFileLocation:\"\/\/www.freevisio.com\/wp-content\/plugins\/revslider\/public\/assets\/js\/\",\n\t\t\tsliderLayout:\"auto\",\n\t\t\tdottedOverlay:\"none\",\n\t\t\tdelay:9000,\n\t\t\tvisibilityLevels:[1240,1024,778,480],\n\t\t\tgridwidth:1240,\n\t\t\tgridheight:868,\n\t\t\tlazyType:\"none\",\n\t\t\tshadow:0,\n\t\t\tspinner:\"spinner0\",\n\t\t\tautoHeight:\"off\",\n\t\t\tdisableProgressBar:\"on\",\n\t\t\thideThumbsOnMobile:\"off\",\n\t\t\thideSliderAtLimit:0,\n\t\t\thideCaptionAtLimit:0,\n\t\t\thideAllCaptionAtLilmit:0,\n\t\t\tdebugMode:false,\n\t\t\tfallbacks: {\n\t\t\t\tsimplifyAll:\"off\",\n\t\t\t\tdisableFocusListener:false,\n\t\t\t}\n\t\t});\n\t}; \/* END OF revapi call *\/\n\t\n }; \/* END OF ON LOAD FUNCTION *\/\r\n}()); \/* END OF WRAPPING FUNCTION *\/\r\n<\/script>\r\n\t\t<\/div><!-- END REVOLUTION SLIDER -->[vc_row_inner][vc_column_inner][vc_column_text]<\/p>\n<h3 style=\"text-align: center;\" data-start=\"1993\" data-end=\"2055\">Un outil, un geste, une vision claire<\/h3>\n<p class=\"\" style=\"text-align: center;\" data-start=\"2057\" data-end=\"2277\">Le <strong data-start=\"2057\" data-end=\"2073\">Freevisio<\/strong> est l\u2019<strong data-start=\"2080\" data-end=\"2104\">accessoire essentiel<\/strong> pour toutes vos aventures en plein air.<br data-start=\"2144\" data-end=\"2147\" \/>Que vous soyez motard, skieur, randonneur ou amateur de jet-ski, gardez une <strong data-start=\"2223\" data-end=\"2239\">vision nette<\/strong> malgr\u00e9 la pluie, la neige ou la boue.<\/p>\n<p style=\"text-align: center;\" data-start=\"2057\" data-end=\"2277\">Le <strong>Freevisio<\/strong>, c&rsquo;est la garantie d&rsquo;une visibilit\u00e9 parfaite, <strong>quelles que soient les conditions<\/strong>.<\/p>\n<p>[\/vc_column_text][vc_separator color=\u00a0\u00bbcustom\u00a0\u00bb accent_color=\u00a0\u00bb#d9bc5e\u00a0\u00bb][\/vc_column_inner][\/vc_row_inner][vc_row_inner gap=\u00a0\u00bb2&Prime;][vc_column_inner width=\u00a0\u00bb1\/2&Prime;][vc_column_text]<\/p>\n<h3><strong>Gr\u00e2ce \u00e0 Freevisio, ne laissez plus les intemp\u00e9ries limiter vos performances !<\/strong><\/h3>\n<p>Que ce soit pour le deux roues, le quad, le snowboard, le jet ski, le v\u00e9lo ou m\u00eame la marche, votre champ de vision ne sera plus jamais alt\u00e9r\u00e9 par la pluie, la neige ou n\u2019importe quel d\u00e9p\u00f4t sur vos lunettes ou votre casque.<\/p>\n<h4 style=\"text-align: center;\"><strong><a href=\"https:\/\/www.freevisio.com\/index.php\/product\/freevisio\/\">D\u00e9couvrez notre produit<\/a><\/strong><\/h4>\n<p>[\/vc_column_text][\/vc_column_inner][vc_column_inner width=\u00a0\u00bb1\/2&Prime;][vc_single_image image=\u00a0\u00bb7957&Prime; img_size=\u00a0\u00bbmedium\u00a0\u00bb alignment=\u00a0\u00bbcenter\u00a0\u00bb alt=\u00a0\u00bbFreevisio essui-glace pour casque moto, ski et sports outdoor\u00a0\u00bb][\/vc_column_inner][\/vc_row_inner][vc_row_inner][vc_column_inner][vc_column_text css=\u00a0\u00bb.vc_custom_1746274300376{background-color: #d9bc5e !important;}\u00a0\u00bb]<\/p>\n<h2 style=\"text-align: center;\">Pourquoi adopter Freevisio ?<\/h2>\n<p>[\/vc_column_text][\/vc_column_inner][\/vc_row_inner][vc_row_inner gap=\u00a0\u00bb2&Prime;][vc_column_inner width=\u00a0\u00bb1\/2&Prime;][vc_single_image image=\u00a0\u00bb9098&Prime; img_size=\u00a0\u00bblarge\u00a0\u00bb alignment=\u00a0\u00bbcenter\u00a0\u00bb][\/vc_column_inner][vc_column_inner width=\u00a0\u00bb1\/2&Prime;][vc_column_text]<\/p>\n<h3 class=\"\" data-start=\"2496\" data-end=\"2525\">Une s\u00e9curit\u00e9 renforc\u00e9e<\/h3>\n<p class=\"\" data-start=\"2527\" data-end=\"2622\">Que vous rouliez \u00e0 moto ou en v\u00e9lo, <strong data-start=\"2563\" data-end=\"2597\">voir clairement est primordial<\/strong> pour \u00e9viter les dangers. D&rsquo;o\u00f9 l&rsquo;utilit\u00e9 du Freevisio, un petit accessoire pour retrouver une bonne visibilit\u00e9 en cas d&rsquo;intemp\u00e9ries.<\/p>\n<p data-start=\"2527\" data-end=\"2622\">.<\/p>\n<h4 style=\"text-align: center;\" data-start=\"2527\" data-end=\"2622\"><strong><a class=\"cursor-pointer\" href=\"https:\/\/www.drivecase.fr\/conseils-prevention\/securite-moto\/visibilite-moto\/\" target=\"_new\" rel=\"noopener\" data-start=\"2624\" data-end=\"2729\">En savoir plus sur la s\u00e9curit\u00e9 \u00e0 moto<\/a><\/strong><\/h4>\n<h4 style=\"text-align: center;\">\u00a0<\/h4>\n<p>[\/vc_column_text][\/vc_column_inner][\/vc_row_inner][vc_row_inner gap=\u00a0\u00bb2&Prime;][vc_column_inner width=\u00a0\u00bb1\/2&Prime;][vc_single_image image=\u00a0\u00bb7940&Prime; img_size=\u00a0\u00bblarge\u00a0\u00bb alignment=\u00a0\u00bbcenter\u00a0\u00bb][\/vc_column_inner][vc_column_inner width=\u00a0\u00bb1\/2&Prime;][vc_column_text]<\/p>\n<h3 class=\"\" data-start=\"2496\" data-end=\"2525\">Un compagnon id\u00e9al pour les sports d&rsquo;hiver<\/h3>\n<p class=\"\" data-start=\"2527\" data-end=\"2622\">Freevisio d&rsquo;adapte \u00e9galement \u00e0 vos besoins sur les pistes. Lors de vos sessions de ski ou de snowboard, gardez une vision d\u00e9gag\u00e9e, m\u00eame sous la neige !<\/p>\n<p>[\/vc_column_text][\/vc_column_inner][\/vc_row_inner][vc_row_inner gap=\u00a0\u00bb2&Prime;][vc_column_inner width=\u00a0\u00bb1\/2&Prime;][vc_single_image image=\u00a0\u00bb8067&Prime; img_size=\u00a0\u00bblarge\u00a0\u00bb alignment=\u00a0\u00bbcenter\u00a0\u00bb][\/vc_column_inner][vc_column_inner width=\u00a0\u00bb1\/2&Prime;][vc_column_text]<\/p>\n<h3 class=\"\" data-start=\"2496\" data-end=\"2525\">Pour tous vos sports outdoor<\/h3>\n<p class=\"\" data-start=\"3019\" data-end=\"3125\">Freevisio est parfait pour la course \u00e0 pied, le VTT, la randonn\u00e9e et bien d&rsquo;autres activit\u00e9s en ext\u00e9rieur.<\/p>\n<p class=\"\" data-start=\"3127\" data-end=\"3211\">Ainsi, peu importe votre passion, <strong data-start=\"3161\" data-end=\"3183\">Freevisio s&rsquo;adapte<\/strong> \u00e0 votre style de vie actif pour vous permettre de retrouver la vue en un tour de main.<\/p>\n<p>[\/vc_column_text][\/vc_column_inner][\/vc_row_inner][\/vc_column][\/vc_row][vc_row full_width=\u00a0\u00bbstretch_row\u00a0\u00bb css=\u00a0\u00bb.vc_custom_1494324481536{padding-top: 40px !important;padding-bottom: 80px !important;background-color: #fafafa !important;}\u00a0\u00bb][vc_column][vc_column_text css=\u00a0\u00bb.vc_custom_1746274687092{background-color: #d9bc5e !important;}\u00a0\u00bb]<\/p>\n<h2 style=\"text-align: center;\">Les Avantages de Freevisio<\/h2>\n<p>[\/vc_column_text][vc_row_inner][vc_column_inner width=\u00a0\u00bb1\/3&Prime; css=\u00a0\u00bb.vc_custom_1494324613741{padding-right: 8% !important;padding-left: 8% !important;}\u00a0\u00bb][vc_single_image image=\u00a0\u00bb7945&Prime; img_size=\u00a0\u00bbfull\u00a0\u00bb alignment=\u00a0\u00bbcenter\u00a0\u00bb][vc_column_text]<\/p>\n<h3 class=\"\" style=\"text-align: center;\" data-start=\"3357\" data-end=\"3377\">L\u00e9ger et compact<\/h3>\n<p class=\"\" style=\"text-align: center;\" data-start=\"3379\" data-end=\"3455\">Vous ne sentirez m\u00eame pas sa pr\u00e9sence, mais vous appr\u00e9cierez son efficacit\u00e9.<\/p>\n<p>[\/vc_column_text][\/vc_column_inner][vc_column_inner width=\u00a0\u00bb1\/3&Prime; css=\u00a0\u00bb.vc_custom_1494324622434{padding-right: 8% !important;padding-left: 8% !important;}\u00a0\u00bb][vc_single_image image=\u00a0\u00bb7944&Prime; img_size=\u00a0\u00bblarge\u00a0\u00bb alignment=\u00a0\u00bbcenter\u00a0\u00bb][vc_column_text]<\/p>\n<h3 class=\"\" style=\"text-align: center;\" data-start=\"3457\" data-end=\"3493\">Adaptable \u00e0 tous les \u00e9quipements<\/h3>\n<p class=\"\" style=\"text-align: center;\" data-start=\"3495\" data-end=\"3597\">Que vous portiez un casque, des lunettes ou des visi\u00e8res, <strong data-start=\"3553\" data-end=\"3582\">l&rsquo;installation est rapide<\/strong> et sans outil.<\/p>\n<p>[\/vc_column_text][\/vc_column_inner][vc_column_inner width=\u00a0\u00bb1\/3&Prime; css=\u00a0\u00bb.vc_custom_1494324630105{padding-right: 8% !important;padding-left: 8% !important;}\u00a0\u00bb][vc_single_image image=\u00a0\u00bb7943&Prime; img_size=\u00a0\u00bblarge\u00a0\u00bb alignment=\u00a0\u00bbcenter\u00a0\u00bb alt=\u00a0\u00bbFreevisio, solution de visibilit\u00e9 accessible pour tous les sportifs\u00a0\u00bb][vc_column_text]<\/p>\n<h3 class=\"\" style=\"text-align: center;\" data-start=\"3599\" data-end=\"3623\">Accessible pour tous<\/h3>\n<p class=\"\" style=\"text-align: center;\" data-start=\"3625\" data-end=\"3707\">\u00c0 partir de seulement 5,20\u20ac, b\u00e9n\u00e9ficiez d&rsquo;un outil qui <strong data-start=\"3678\" data-end=\"3706\">prot\u00e8ge votre visibilit\u00e9<\/strong>.<\/p>\n<p>[\/vc_column_text][\/vc_column_inner][\/vc_row_inner][\/vc_column][\/vc_row][vc_row][vc_column width=\u00a0\u00bb1\/2&Prime;][vc_separator color=\u00a0\u00bbcustom\u00a0\u00bb accent_color=\u00a0\u00bb#d9bc5e\u00a0\u00bb][vc_column_text]<\/p>\n<h3 data-start=\"3848\" data-end=\"3891\">Freevisio, c&rsquo;est aussi une communaut\u00e9<\/h3>\n<p class=\"\" data-start=\"3893\" data-end=\"3981\">Rejoignez notre communaut\u00e9 de passionn\u00e9s d&rsquo;outdoor qui nous font confiance depuis 2017 !<\/p>\n<p class=\"\" data-start=\"3983\" data-end=\"4133\">Suivez-nous sur <a class=\"\" href=\"https:\/\/www.instagram.com\/freevisio_insta\/\" target=\"_new\" rel=\"noopener\" data-start=\"3999\" data-end=\"4043\">Instagram<\/a> et <a class=\"\" href=\"https:\/\/facebook.com\/freevisio\" target=\"_new\" rel=\"noopener\" data-start=\"4047\" data-end=\"4089\">Facebook<\/a> pour d\u00e9couvrir des t\u00e9moignages et conseils.<\/p>\n<p>[\/vc_column_text][\/vc_column][vc_column width=\u00a0\u00bb1\/2&Prime;][vc_separator color=\u00a0\u00bbcustom\u00a0\u00bb align=\u00a0\u00bbalign_right\u00a0\u00bb accent_color=\u00a0\u00bb#d9bc5e\u00a0\u00bb][vc_column_text]<\/p>\n<h3 data-start=\"4140\" data-end=\"4161\">Besoin d&rsquo;aide ?<\/h3>\n<p class=\"\" data-start=\"4163\" data-end=\"4336\"><a class=\"cursor-pointer\" href=\"https:\/\/www.freevisio.com\/index.php\/contact\/\" target=\"_new\" rel=\"noopener\" data-start=\"4163\" data-end=\"4233\"><strong data-start=\"4164\" data-end=\"4186\">Contactez-nous ici<\/strong><\/a> ou visitez notre <a href=\"https:\/\/www.freevisio.com\/index.php\/faq\/\"><strong data-start=\"4252\" data-end=\"4259\">FAQ<\/strong> <\/a>pour obtenir plus d&rsquo;informations.<\/p>\n<p>[\/vc_column_text][\/vc_column][\/vc_row][vc_row][vc_column][vc_separator color=\u00a0\u00bbcustom\u00a0\u00bb accent_color=\u00a0\u00bb#d9bc5e\u00a0\u00bb][\/vc_column][\/vc_row][vc_row][vc_column][vc_column_text]<\/p>\n\n\n<\/p>\n<p>\n\n\n<p>[\/vc_column_text][\/vc_column][\/vc_row]<\/p>","protected":false},"excerpt":{"rendered":"<p>[vc_row full_width=\u00a0\u00bbstretch_row_content\u00a0\u00bb isfullwidth=\u00a0\u00bb0&Prime;][vc_column][vc_row_inner][vc_column_inner][vc_column_text] Un outil, un geste, une vision claire Le Freevisio est l\u2019accessoire essentiel pour toutes vos aventures en plein air.Que vous soyez motard, skieur, randonneur ou amateur de jet-ski, gardez une vision nette malgr\u00e9 la pluie, la neige ou la boue. Le Freevisio, c&rsquo;est la garantie d&rsquo;une visibilit\u00e9 parfaite, quelles que soient les &hellip; <a href=\"https:\/\/www.freevisio.com\/\" class=\"more-link\">Continuer la lecture <span class=\"screen-reader-text\">Freevisio<\/span><span class=\"meta-nav\">&rarr;<\/span><\/a><\/p>\n","protected":false},"author":1,"featured_media":0,"parent":0,"menu_order":0,"comment_status":"closed","ping_status":"closed","template":"","meta":{"footnotes":""},"class_list":["post-7282","page","type-page","status-publish","hentry"],"yoast_head":"<!-- This site is optimized with the Yoast SEO plugin v27.3 - https:\/\/yoast.com\/product\/yoast-seo-wordpress\/ -->\n<title>Freevisio<\/title>\n<meta name=\"description\" content=\"Freevisio, l\u2019essuie-glace qui se fixe au gant pour skier, rouler par tous les temps. Gardez une vision claire, m\u00eame sous la pluie ou la neige.\" \/>\n<meta name=\"robots\" content=\"index, follow, max-snippet:-1, max-image-preview:large, max-video-preview:-1\" \/>\n<link rel=\"canonical\" href=\"https:\/\/www.freevisio.com\" \/>\n<meta property=\"og:locale\" content=\"fr_FR\" \/>\n<meta property=\"og:type\" content=\"article\" \/>\n<meta property=\"og:title\" content=\"Freevisio\" \/>\n<meta property=\"og:description\" content=\"Freevisio, l\u2019essuie-glace qui se fixe au gant pour skier, rouler par tous les temps. Gardez une vision claire, m\u00eame sous la pluie ou la neige.\" \/>\n<meta property=\"og:url\" content=\"https:\/\/www.freevisio.com\" \/>\n<meta property=\"og:site_name\" content=\"Freevisio\" \/>\n<meta property=\"article:modified_time\" content=\"2026-02-22T04:49:19+00:00\" \/>\n<meta name=\"twitter:card\" content=\"summary_large_image\" \/>\n<meta name=\"twitter:label1\" content=\"Dur\u00e9e de lecture estim\u00e9e\" \/>\n\t<meta name=\"twitter:data1\" content=\"3 minutes\" \/>\n<script type=\"application\/ld+json\" class=\"yoast-schema-graph\">{\"@context\":\"https:\\\/\\\/schema.org\",\"@graph\":[{\"@type\":\"WebPage\",\"@id\":\"https:\\\/\\\/www.freevisio.com\\\/\",\"url\":\"https:\\\/\\\/www.freevisio.com\",\"name\":\"Freevisio\",\"isPartOf\":{\"@id\":\"https:\\\/\\\/www.freevisio.com\\\/#website\"},\"datePublished\":\"2017-05-09T02:28:53+00:00\",\"dateModified\":\"2026-02-22T04:49:19+00:00\",\"description\":\"Freevisio, l\u2019essuie-glace qui se fixe au gant pour skier, rouler par tous les temps. Gardez une vision claire, m\u00eame sous la pluie ou la neige.\",\"breadcrumb\":{\"@id\":\"https:\\\/\\\/www.freevisio.com#breadcrumb\"},\"inLanguage\":\"fr-FR\",\"potentialAction\":[{\"@type\":\"ReadAction\",\"target\":[\"https:\\\/\\\/www.freevisio.com\"]}]},{\"@type\":\"BreadcrumbList\",\"@id\":\"https:\\\/\\\/www.freevisio.com#breadcrumb\",\"itemListElement\":[{\"@type\":\"ListItem\",\"position\":1,\"name\":\"Accueil\",\"item\":\"https:\\\/\\\/www.freevisio.com\\\/\"},{\"@type\":\"ListItem\",\"position\":2,\"name\":\"Accueil\"}]},{\"@type\":\"WebSite\",\"@id\":\"https:\\\/\\\/www.freevisio.com\\\/#website\",\"url\":\"https:\\\/\\\/www.freevisio.com\\\/\",\"name\":\"Freevisio\",\"description\":\"\",\"publisher\":{\"@id\":\"https:\\\/\\\/www.freevisio.com\\\/#organization\"},\"potentialAction\":[{\"@type\":\"SearchAction\",\"target\":{\"@type\":\"EntryPoint\",\"urlTemplate\":\"https:\\\/\\\/www.freevisio.com\\\/?s={search_term_string}\"},\"query-input\":{\"@type\":\"PropertyValueSpecification\",\"valueRequired\":true,\"valueName\":\"search_term_string\"}}],\"inLanguage\":\"fr-FR\"},{\"@type\":\"Organization\",\"@id\":\"https:\\\/\\\/www.freevisio.com\\\/#organization\",\"name\":\"Freevisio\",\"url\":\"https:\\\/\\\/www.freevisio.com\\\/\",\"logo\":{\"@type\":\"ImageObject\",\"inLanguage\":\"fr-FR\",\"@id\":\"https:\\\/\\\/www.freevisio.com\\\/#\\\/schema\\\/logo\\\/image\\\/\",\"url\":\"https:\\\/\\\/www.freevisio.com\\\/wp-content\\\/uploads\\\/2018\\\/09\\\/FVpetitlogo2-e1537113081419.png\",\"contentUrl\":\"https:\\\/\\\/www.freevisio.com\\\/wp-content\\\/uploads\\\/2018\\\/09\\\/FVpetitlogo2-e1537113081419.png\",\"width\":50,\"height\":79,\"caption\":\"Freevisio\"},\"image\":{\"@id\":\"https:\\\/\\\/www.freevisio.com\\\/#\\\/schema\\\/logo\\\/image\\\/\"},\"sameAs\":[\"https:\\\/\\\/www.instagram.com\\\/freevisio_insta\\\/\"]}]}<\/script>\n<!-- \/ Yoast SEO plugin. -->","yoast_head_json":{"title":"Freevisio","description":"Freevisio, l\u2019essuie-glace qui se fixe au gant pour skier, rouler par tous les temps. Gardez une vision claire, m\u00eame sous la pluie ou la neige.","robots":{"index":"index","follow":"follow","max-snippet":"max-snippet:-1","max-image-preview":"max-image-preview:large","max-video-preview":"max-video-preview:-1"},"canonical":"https:\/\/www.freevisio.com","og_locale":"fr_FR","og_type":"article","og_title":"Freevisio","og_description":"Freevisio, l\u2019essuie-glace qui se fixe au gant pour skier, rouler par tous les temps. Gardez une vision claire, m\u00eame sous la pluie ou la neige.","og_url":"https:\/\/www.freevisio.com","og_site_name":"Freevisio","article_modified_time":"2026-02-22T04:49:19+00:00","twitter_card":"summary_large_image","twitter_misc":{"Dur\u00e9e de lecture estim\u00e9e":"3 minutes"},"schema":{"@context":"https:\/\/schema.org","@graph":[{"@type":"WebPage","@id":"https:\/\/www.freevisio.com\/","url":"https:\/\/www.freevisio.com","name":"Freevisio","isPartOf":{"@id":"https:\/\/www.freevisio.com\/#website"},"datePublished":"2017-05-09T02:28:53+00:00","dateModified":"2026-02-22T04:49:19+00:00","description":"Freevisio, l\u2019essuie-glace qui se fixe au gant pour skier, rouler par tous les temps. Gardez une vision claire, m\u00eame sous la pluie ou la neige.","breadcrumb":{"@id":"https:\/\/www.freevisio.com#breadcrumb"},"inLanguage":"fr-FR","potentialAction":[{"@type":"ReadAction","target":["https:\/\/www.freevisio.com"]}]},{"@type":"BreadcrumbList","@id":"https:\/\/www.freevisio.com#breadcrumb","itemListElement":[{"@type":"ListItem","position":1,"name":"Accueil","item":"https:\/\/www.freevisio.com\/"},{"@type":"ListItem","position":2,"name":"Accueil"}]},{"@type":"WebSite","@id":"https:\/\/www.freevisio.com\/#website","url":"https:\/\/www.freevisio.com\/","name":"Freevisio","description":"","publisher":{"@id":"https:\/\/www.freevisio.com\/#organization"},"potentialAction":[{"@type":"SearchAction","target":{"@type":"EntryPoint","urlTemplate":"https:\/\/www.freevisio.com\/?s={search_term_string}"},"query-input":{"@type":"PropertyValueSpecification","valueRequired":true,"valueName":"search_term_string"}}],"inLanguage":"fr-FR"},{"@type":"Organization","@id":"https:\/\/www.freevisio.com\/#organization","name":"Freevisio","url":"https:\/\/www.freevisio.com\/","logo":{"@type":"ImageObject","inLanguage":"fr-FR","@id":"https:\/\/www.freevisio.com\/#\/schema\/logo\/image\/","url":"https:\/\/www.freevisio.com\/wp-content\/uploads\/2018\/09\/FVpetitlogo2-e1537113081419.png","contentUrl":"https:\/\/www.freevisio.com\/wp-content\/uploads\/2018\/09\/FVpetitlogo2-e1537113081419.png","width":50,"height":79,"caption":"Freevisio"},"image":{"@id":"https:\/\/www.freevisio.com\/#\/schema\/logo\/image\/"},"sameAs":["https:\/\/www.instagram.com\/freevisio_insta\/"]}]}},"_links":{"self":[{"href":"https:\/\/www.freevisio.com\/index.php\/wp-json\/wp\/v2\/pages\/7282","targetHints":{"allow":["GET"]}}],"collection":[{"href":"https:\/\/www.freevisio.com\/index.php\/wp-json\/wp\/v2\/pages"}],"about":[{"href":"https:\/\/www.freevisio.com\/index.php\/wp-json\/wp\/v2\/types\/page"}],"author":[{"embeddable":true,"href":"https:\/\/www.freevisio.com\/index.php\/wp-json\/wp\/v2\/users\/1"}],"replies":[{"embeddable":true,"href":"https:\/\/www.freevisio.com\/index.php\/wp-json\/wp\/v2\/comments?post=7282"}],"version-history":[{"count":71,"href":"https:\/\/www.freevisio.com\/index.php\/wp-json\/wp\/v2\/pages\/7282\/revisions"}],"predecessor-version":[{"id":9382,"href":"https:\/\/www.freevisio.com\/index.php\/wp-json\/wp\/v2\/pages\/7282\/revisions\/9382"}],"wp:attachment":[{"href":"https:\/\/www.freevisio.com\/index.php\/wp-json\/wp\/v2\/media?parent=7282"}],"curies":[{"name":"wp","href":"https:\/\/api.w.org\/{rel}","templated":true}]}}